{"id":4829,"date":"2026-03-26T13:09:20","date_gmt":"2026-03-26T12:09:20","guid":{"rendered":"https:\/\/axebow.io\/ovh\/"},"modified":"2026-03-26T13:56:01","modified_gmt":"2026-03-26T12:56:01","slug":"ovh","status":"publish","type":"page","link":"http:\/\/axebow.io\/es\/ovh\/","title":{"rendered":"OVH"},"content":{"rendered":"\t\t<div data-elementor-type=\"wp-page\" data-elementor-id=\"4829\" class=\"elementor elementor-4829 elementor-4814\">\n\t\t\t\t<div class=\"elementor-element elementor-element-5074064 e-flex e-con-boxed parallax_section_no qode_elementor_container_no e-con e-parent\" data-id=\"5074064\" data-element_type=\"container\" id=\"contact\" data-settings=\"{&quot;background_background&quot;:&quot;classic&quot;}\">\n\t\t\t\t\t<div class=\"e-con-inner\">\n\t\t\t\t<div class=\"elementor-element elementor-element-15ef88c premium-cf7-cselect-yes premium-cf7-button-align-left elementor-widget elementor-widget-premium-contact-form\" data-id=\"15ef88c\" data-element_type=\"widget\" data-widget_type=\"premium-contact-form.default\">\n\t\t\t\t<div class=\"elementor-widget-container\">\n\t\t\t\n\t\t\t\n\t\t\t\t<div class=\"premium-cf-head\">\n\n\t\t\t\t\t\t\t\t\t\t\t<h2 class=\"premium-cf7-title\">\n\t\t\t\t\t\t\tOVH\t\t\t\t\t\t<\/h2>\n\t\t\t\t\t\n\t\t\t\t\t\n\t\t\t\t<\/div>\n\n\t\t\t\n\t\t\t<div class=\"premium-cf7-container\" data-settings=\"{&quot;fields_glass&quot;:&quot;none&quot;,&quot;submit_glass&quot;:&quot;none&quot;}\">\n\t\t\t\t\n<div class=\"wpcf7 no-js\" id=\"wpcf7-f4832-o1\" lang=\"en-US\" dir=\"ltr\" data-wpcf7-id=\"4832\">\n<div class=\"screen-reader-response\"><p role=\"status\" aria-live=\"polite\" aria-atomic=\"true\"><\/p> <ul><\/ul><\/div>\n<form action=\"\/es\/wp-json\/wp\/v2\/pages\/4829#wpcf7-f4832-o1\" method=\"post\" class=\"wpcf7-form init\" aria-label=\"Contact form\" novalidate=\"novalidate\" data-status=\"init\">\n<fieldset class=\"hidden-fields-container\"><input type=\"hidden\" name=\"_wpcf7\" value=\"4832\" \/><input type=\"hidden\" name=\"_wpcf7_version\" value=\"6.1.5\" \/><input type=\"hidden\" name=\"_wpcf7_locale\" value=\"en_US\" \/><input type=\"hidden\" name=\"_wpcf7_unit_tag\" value=\"wpcf7-f4832-o1\" \/><input type=\"hidden\" name=\"_wpcf7_container_post\" value=\"0\" \/><input type=\"hidden\" name=\"_wpcf7_posted_data_hash\" value=\"\" \/><input type=\"hidden\" name=\"_wpcf7cf_hidden_group_fields\" value=\"[]\" \/><input type=\"hidden\" name=\"_wpcf7cf_hidden_groups\" value=\"[]\" \/><input type=\"hidden\" name=\"_wpcf7cf_visible_groups\" value=\"[]\" \/><input type=\"hidden\" name=\"_wpcf7cf_repeaters\" value=\"[]\" \/><input type=\"hidden\" name=\"_wpcf7cf_steps\" value=\"{}\" \/><input type=\"hidden\" name=\"_wpcf7cf_options\" value=\"{&quot;form_id&quot;:4832,&quot;conditions&quot;:[],&quot;settings&quot;:{&quot;animation&quot;:&quot;yes&quot;,&quot;animation_intime&quot;:200,&quot;animation_outtime&quot;:200,&quot;conditions_ui&quot;:&quot;normal&quot;,&quot;notice_dismissed&quot;:false}}\" \/>\n<\/fieldset>\n<div class=\"wpcf7-turnstile cf-turnstile\" data-sitekey=\"0x4AAAAAAB33JbHYeYAFFQaX\" data-response-field-name=\"_wpcf7_turnstile_response\"><\/div>\n\n<div class=\"premium-cf-half\"><label class=\"premium-cf-label\">Nombre<\/label>\n<span class=\"wpcf7-form-control-wrap\" data-name=\"text\"><input size=\"40\" maxlength=\"400\" class=\"wpcf7-form-control wpcf7-text wpcf7-validates-as-required premium-cf-field\" aria-required=\"true\" aria-invalid=\"false\" placeholder=\"Nombre\" value=\"\" type=\"text\" name=\"text\" \/><\/span><\/div>\n\n<div class=\"premium-cf-half\"><label class=\"premium-cf-label\">Apellidos<\/label>\n<span class=\"wpcf7-form-control-wrap\" data-name=\"surname\"><input size=\"40\" maxlength=\"400\" class=\"wpcf7-form-control wpcf7-text wpcf7-validates-as-required premium-cf-field\" aria-required=\"true\" aria-invalid=\"false\" placeholder=\"Apellidos\" value=\"\" type=\"text\" name=\"surname\" \/><\/span><\/div>\n\n<div class=\"premium-cf-half\"><label class=\"premium-cf-label\">Compa\u00f1\u00eda<\/label>\n<span class=\"wpcf7-form-control-wrap\" data-name=\"company\"><input size=\"40\" maxlength=\"400\" class=\"wpcf7-form-control wpcf7-text wpcf7-validates-as-required premium-cf-field\" aria-required=\"true\" aria-invalid=\"false\" placeholder=\"Compa\u00f1\u00eda\" value=\"\" type=\"text\" name=\"company\" \/><\/span><\/div>\n\n<div class=\"premium-cf-half\"><label class=\"premium-cf-label\">Tel\u00e9fono<\/label>\n<span class=\"wpcf7-form-control-wrap\" data-name=\"phone\"><input size=\"40\" maxlength=\"400\" class=\"wpcf7-form-control wpcf7-tel wpcf7-validates-as-required wpcf7-text wpcf7-validates-as-tel premium-cf-field\" aria-required=\"true\" aria-invalid=\"false\" placeholder=\"Tel\u00e9fono\" value=\"\" type=\"tel\" name=\"phone\" \/><\/span><\/div>\n\n<div class=\"premium-cf-half\"><label class=\"premium-cf-label\">Email<\/label>\n<span class=\"wpcf7-form-control-wrap\" data-name=\"email\"><input size=\"40\" maxlength=\"400\" class=\"wpcf7-form-control wpcf7-email wpcf7-validates-as-required wpcf7-text wpcf7-validates-as-email premium-cf-field\" aria-required=\"true\" aria-invalid=\"false\" placeholder=\"Email\" value=\"\" type=\"email\" name=\"email\" \/><\/span><\/div>\n\n<div class=\"premium-cf-half\"><label class=\"premium-cf-label\">Posici\u00f3n<\/label>\n<span class=\"wpcf7-form-control-wrap\" data-name=\"position\"><input size=\"40\" maxlength=\"400\" class=\"wpcf7-form-control wpcf7-text wpcf7-validates-as-required premium-cf-field\" aria-required=\"true\" aria-invalid=\"false\" placeholder=\"Posici\u00f3n\" value=\"\" type=\"text\" name=\"position\" \/><\/span><\/div>\n\n<div class=\"premium-cf-full\"><br\/<span class=\"wpcf7-form-control-wrap\" data-name=\"acceptance-846\"><span class=\"wpcf7-form-control wpcf7-acceptance\"><span class=\"wpcf7-list-item\"><input type=\"checkbox\" name=\"acceptance-846\" value=\"1\" aria-invalid=\"false\" \/><\/span><\/span><\/span> <span style=\"font-size:16px!important;\">Acepto el <a href=\"https:\/\/axebow.io\/legal-notice\/\" target=\"_blank\">Aviso Legal<\/a> y la <a href=\"https:\/\/axebow.io\/provacy-policy\/\" target=\"_blank\">Pol\u00edtica de Privacidad<\/a>.<\/span><\/div>\n\n<input class=\"wpcf7-form-control wpcf7-submit has-spinner\" type=\"submit\" value=\"Enviar\" \/>\n\n<div class=\"premium-cf-full\"><br\/><span style=\"font-size:13px;line-height:1em!important;\">Axebow le informa que los datos personales de contacto ser\u00e1n tratados por esta empresa, como Responsable del tratamiento, con la finalidad de mantener contacto con usted y poder enviarle informaci\u00f3n relacionada con su consulta. La base jur\u00eddica que legitima el tratamiento de los datos personales de contacto por parte de Axebow radica en el consentimiento manifestado a trav\u00e9s de la presente SOLICITUD DE INFORMACI\u00d3N. Los datos personales se conservar\u00e1n mientras no se presente ninguna solicitud de oposici\u00f3n o supresi\u00f3n del tratamiento de sus datos. Los datos personales no ser\u00e1n cedidos ni comunicados a terceros, salvo en los casos previstos por la ley. Asimismo, si considera vulnerado su derecho a la protecci\u00f3n de datos personales, podr\u00e1 presentar una reclamaci\u00f3n ante la Agencia Espa\u00f1ola de Protecci\u00f3n de Datos. (www.aepd.es).<\/span><\/div><div class=\"wpcf7-response-output\" aria-hidden=\"true\"><\/div>\n<\/form>\n<\/div>\n\t\t\t<\/div>\n\n\t\t\t\t\t<\/div>\n\t\t\t\t<\/div>\n\t\t\t\t\t<\/div>\n\t\t\t\t<\/div>\n\t\t\t\t<\/div>\n\t\t","protected":false},"excerpt":{"rendered":"<p>OVH Nombre Apellidos Compa\u00f1\u00eda Tel\u00e9fono Email Posici\u00f3n<\/p>\n","protected":false},"author":1,"featured_media":3788,"parent":0,"menu_order":0,"comment_status":"closed","ping_status":"closed","template":"elementor_header_footer","meta":{"footnotes":""},"class_list":["post-4829","page","type-page","status-publish","has-post-thumbnail","hentry"],"yoast_head":"<!-- This site is optimized with the Yoast SEO plugin v27.2 - https:\/\/yoast.com\/product\/yoast-seo-wordpress\/ -->\n<title>axebow | by kumori<\/title>\n<meta name=\"description\" content=\"Axebow elimina la complejidad de ejecutar aplicaciones nativas de la nube en Kubernetes sin la carga de la gesti\u00f3n de la infraestructura. Proporciona a los desarrolladores las herramientas para desplegar c\u00f3digo m\u00e1s r\u00e1pido con aprovisionamiento de infraestructura automatizado y soporte multinube.\" \/>\n<meta name=\"robots\" content=\"index, follow, max-snippet:-1, max-image-preview:large, max-video-preview:-1\" \/>\n<link rel=\"canonical\" href=\"http:\/\/axebow.io\/es\/ovh\/\" \/>\n<meta property=\"og:locale\" content=\"es_ES\" \/>\n<meta property=\"og:type\" content=\"article\" \/>\n<meta property=\"og:title\" content=\"axebow | by kumori\" \/>\n<meta property=\"og:description\" content=\"Axebow elimina la complejidad de ejecutar aplicaciones nativas de la nube en Kubernetes sin la carga de la gesti\u00f3n de la infraestructura. Proporciona a los desarrolladores las herramientas para desplegar c\u00f3digo m\u00e1s r\u00e1pido con aprovisionamiento de infraestructura automatizado y soporte multinube.\" \/>\n<meta property=\"og:url\" content=\"http:\/\/axebow.io\/es\/ovh\/\" \/>\n<meta property=\"og:site_name\" content=\"axebow\" \/>\n<meta property=\"article:modified_time\" content=\"2026-03-26T12:56:01+00:00\" \/>\n<meta property=\"og:image\" content=\"http:\/\/axebow.io\/wp-content\/uploads\/2024\/06\/YouTube-Thumbnails-1200-x-675-px.png\" \/>\n\t<meta property=\"og:image:width\" content=\"1200\" \/>\n\t<meta property=\"og:image:height\" content=\"675\" \/>\n\t<meta property=\"og:image:type\" content=\"image\/png\" \/>\n<meta name=\"twitter:card\" content=\"summary_large_image\" \/>\n<meta name=\"twitter:site\" content=\"@axebow_bykumori\" \/>\n<meta name=\"twitter:label1\" content=\"Tiempo de lectura\" \/>\n\t<meta name=\"twitter:data1\" content=\"1 minuto\" \/>\n<script type=\"application\/ld+json\" class=\"yoast-schema-graph\">{\"@context\":\"https:\/\/schema.org\",\"@graph\":[{\"@type\":\"WebPage\",\"@id\":\"http:\/\/axebow.io\/es\/ovh\/\",\"url\":\"http:\/\/axebow.io\/es\/ovh\/\",\"name\":\"axebow | by kumori\",\"isPartOf\":{\"@id\":\"http:\/\/axebow.io\/#website\"},\"primaryImageOfPage\":{\"@id\":\"http:\/\/axebow.io\/es\/ovh\/#primaryimage\"},\"image\":{\"@id\":\"http:\/\/axebow.io\/es\/ovh\/#primaryimage\"},\"thumbnailUrl\":\"http:\/\/axebow.io\/wp-content\/uploads\/2024\/06\/YouTube-Thumbnails-1200-x-675-px.png\",\"datePublished\":\"2026-03-26T12:09:20+00:00\",\"dateModified\":\"2026-03-26T12:56:01+00:00\",\"description\":\"Axebow elimina la complejidad de ejecutar aplicaciones nativas de la nube en Kubernetes sin la carga de la gesti\u00f3n de la infraestructura. Proporciona a los desarrolladores las herramientas para desplegar c\u00f3digo m\u00e1s r\u00e1pido con aprovisionamiento de infraestructura automatizado y soporte multinube.\",\"breadcrumb\":{\"@id\":\"http:\/\/axebow.io\/es\/ovh\/#breadcrumb\"},\"inLanguage\":\"es\",\"potentialAction\":[{\"@type\":\"ReadAction\",\"target\":[\"http:\/\/axebow.io\/es\/ovh\/\"]}]},{\"@type\":\"ImageObject\",\"inLanguage\":\"es\",\"@id\":\"http:\/\/axebow.io\/es\/ovh\/#primaryimage\",\"url\":\"http:\/\/axebow.io\/wp-content\/uploads\/2024\/06\/YouTube-Thumbnails-1200-x-675-px.png\",\"contentUrl\":\"http:\/\/axebow.io\/wp-content\/uploads\/2024\/06\/YouTube-Thumbnails-1200-x-675-px.png\",\"width\":1200,\"height\":675,\"caption\":\"axebow\"},{\"@type\":\"BreadcrumbList\",\"@id\":\"http:\/\/axebow.io\/es\/ovh\/#breadcrumb\",\"itemListElement\":[{\"@type\":\"ListItem\",\"position\":1,\"name\":\"Portada\",\"item\":\"http:\/\/axebow.io\/es\/\"},{\"@type\":\"ListItem\",\"position\":2,\"name\":\"OVH\"}]},{\"@type\":\"WebSite\",\"@id\":\"http:\/\/axebow.io\/#website\",\"url\":\"http:\/\/axebow.io\/\",\"name\":\"axebow.io\",\"description\":\"by Kumori\",\"publisher\":{\"@id\":\"http:\/\/axebow.io\/#organization\"},\"alternateName\":\"axebow\",\"potentialAction\":[{\"@type\":\"SearchAction\",\"target\":{\"@type\":\"EntryPoint\",\"urlTemplate\":\"http:\/\/axebow.io\/?s={search_term_string}\"},\"query-input\":{\"@type\":\"PropertyValueSpecification\",\"valueRequired\":true,\"valueName\":\"search_term_string\"}}],\"inLanguage\":\"es\"},{\"@type\":\"Organization\",\"@id\":\"http:\/\/axebow.io\/#organization\",\"name\":\"axebow\",\"url\":\"http:\/\/axebow.io\/\",\"logo\":{\"@type\":\"ImageObject\",\"inLanguage\":\"es\",\"@id\":\"http:\/\/axebow.io\/#\/schema\/logo\/image\/\",\"url\":\"https:\/\/axebow.io\/wp-content\/uploads\/2024\/05\/logo-axebow-h-2.png\",\"contentUrl\":\"https:\/\/axebow.io\/wp-content\/uploads\/2024\/05\/logo-axebow-h-2.png\",\"width\":281,\"height\":70,\"caption\":\"axebow\"},\"image\":{\"@id\":\"http:\/\/axebow.io\/#\/schema\/logo\/image\/\"},\"sameAs\":[\"https:\/\/x.com\/axebow_bykumori\",\"https:\/\/www.linkedin.com\/company\/axebow\/about\/\",\"https:\/\/www.youtube.com\/@AxebowByKumori\"]}]}<\/script>\n<!-- \/ Yoast SEO plugin. -->","yoast_head_json":{"title":"axebow | by kumori","description":"Axebow elimina la complejidad de ejecutar aplicaciones nativas de la nube en Kubernetes sin la carga de la gesti\u00f3n de la infraestructura. Proporciona a los desarrolladores las herramientas para desplegar c\u00f3digo m\u00e1s r\u00e1pido con aprovisionamiento de infraestructura automatizado y soporte multinube.","robots":{"index":"index","follow":"follow","max-snippet":"max-snippet:-1","max-image-preview":"max-image-preview:large","max-video-preview":"max-video-preview:-1"},"canonical":"http:\/\/axebow.io\/es\/ovh\/","og_locale":"es_ES","og_type":"article","og_title":"axebow | by kumori","og_description":"Axebow elimina la complejidad de ejecutar aplicaciones nativas de la nube en Kubernetes sin la carga de la gesti\u00f3n de la infraestructura. Proporciona a los desarrolladores las herramientas para desplegar c\u00f3digo m\u00e1s r\u00e1pido con aprovisionamiento de infraestructura automatizado y soporte multinube.","og_url":"http:\/\/axebow.io\/es\/ovh\/","og_site_name":"axebow","article_modified_time":"2026-03-26T12:56:01+00:00","og_image":[{"width":1200,"height":675,"url":"http:\/\/axebow.io\/wp-content\/uploads\/2024\/06\/YouTube-Thumbnails-1200-x-675-px.png","type":"image\/png"}],"twitter_card":"summary_large_image","twitter_site":"@axebow_bykumori","twitter_misc":{"Tiempo de lectura":"1 minuto"},"schema":{"@context":"https:\/\/schema.org","@graph":[{"@type":"WebPage","@id":"http:\/\/axebow.io\/es\/ovh\/","url":"http:\/\/axebow.io\/es\/ovh\/","name":"axebow | by kumori","isPartOf":{"@id":"http:\/\/axebow.io\/#website"},"primaryImageOfPage":{"@id":"http:\/\/axebow.io\/es\/ovh\/#primaryimage"},"image":{"@id":"http:\/\/axebow.io\/es\/ovh\/#primaryimage"},"thumbnailUrl":"http:\/\/axebow.io\/wp-content\/uploads\/2024\/06\/YouTube-Thumbnails-1200-x-675-px.png","datePublished":"2026-03-26T12:09:20+00:00","dateModified":"2026-03-26T12:56:01+00:00","description":"Axebow elimina la complejidad de ejecutar aplicaciones nativas de la nube en Kubernetes sin la carga de la gesti\u00f3n de la infraestructura. Proporciona a los desarrolladores las herramientas para desplegar c\u00f3digo m\u00e1s r\u00e1pido con aprovisionamiento de infraestructura automatizado y soporte multinube.","breadcrumb":{"@id":"http:\/\/axebow.io\/es\/ovh\/#breadcrumb"},"inLanguage":"es","potentialAction":[{"@type":"ReadAction","target":["http:\/\/axebow.io\/es\/ovh\/"]}]},{"@type":"ImageObject","inLanguage":"es","@id":"http:\/\/axebow.io\/es\/ovh\/#primaryimage","url":"http:\/\/axebow.io\/wp-content\/uploads\/2024\/06\/YouTube-Thumbnails-1200-x-675-px.png","contentUrl":"http:\/\/axebow.io\/wp-content\/uploads\/2024\/06\/YouTube-Thumbnails-1200-x-675-px.png","width":1200,"height":675,"caption":"axebow"},{"@type":"BreadcrumbList","@id":"http:\/\/axebow.io\/es\/ovh\/#breadcrumb","itemListElement":[{"@type":"ListItem","position":1,"name":"Portada","item":"http:\/\/axebow.io\/es\/"},{"@type":"ListItem","position":2,"name":"OVH"}]},{"@type":"WebSite","@id":"http:\/\/axebow.io\/#website","url":"http:\/\/axebow.io\/","name":"axebow.io","description":"by Kumori","publisher":{"@id":"http:\/\/axebow.io\/#organization"},"alternateName":"axebow","potentialAction":[{"@type":"SearchAction","target":{"@type":"EntryPoint","urlTemplate":"http:\/\/axebow.io\/?s={search_term_string}"},"query-input":{"@type":"PropertyValueSpecification","valueRequired":true,"valueName":"search_term_string"}}],"inLanguage":"es"},{"@type":"Organization","@id":"http:\/\/axebow.io\/#organization","name":"axebow","url":"http:\/\/axebow.io\/","logo":{"@type":"ImageObject","inLanguage":"es","@id":"http:\/\/axebow.io\/#\/schema\/logo\/image\/","url":"https:\/\/axebow.io\/wp-content\/uploads\/2024\/05\/logo-axebow-h-2.png","contentUrl":"https:\/\/axebow.io\/wp-content\/uploads\/2024\/05\/logo-axebow-h-2.png","width":281,"height":70,"caption":"axebow"},"image":{"@id":"http:\/\/axebow.io\/#\/schema\/logo\/image\/"},"sameAs":["https:\/\/x.com\/axebow_bykumori","https:\/\/www.linkedin.com\/company\/axebow\/about\/","https:\/\/www.youtube.com\/@AxebowByKumori"]}]}},"_links":{"self":[{"href":"http:\/\/axebow.io\/es\/wp-json\/wp\/v2\/pages\/4829","targetHints":{"allow":["GET"]}}],"collection":[{"href":"http:\/\/axebow.io\/es\/wp-json\/wp\/v2\/pages"}],"about":[{"href":"http:\/\/axebow.io\/es\/wp-json\/wp\/v2\/types\/page"}],"author":[{"embeddable":true,"href":"http:\/\/axebow.io\/es\/wp-json\/wp\/v2\/users\/1"}],"replies":[{"embeddable":true,"href":"http:\/\/axebow.io\/es\/wp-json\/wp\/v2\/comments?post=4829"}],"version-history":[{"count":5,"href":"http:\/\/axebow.io\/es\/wp-json\/wp\/v2\/pages\/4829\/revisions"}],"predecessor-version":[{"id":4835,"href":"http:\/\/axebow.io\/es\/wp-json\/wp\/v2\/pages\/4829\/revisions\/4835"}],"wp:featuredmedia":[{"embeddable":true,"href":"http:\/\/axebow.io\/es\/wp-json\/wp\/v2\/media\/3788"}],"wp:attachment":[{"href":"http:\/\/axebow.io\/es\/wp-json\/wp\/v2\/media?parent=4829"}],"curies":[{"name":"wp","href":"https:\/\/api.w.org\/{rel}","templated":true}]}}